{"id":2,"date":"2013-12-15T10:00:47","date_gmt":"2013-12-15T10:00:47","guid":{"rendered":"http:\/\/www.herajtovna.cz\/?page_id=2"},"modified":"2017-02-23T22:05:19","modified_gmt":"2017-02-23T21:05:19","slug":"uvod","status":"publish","type":"page","link":"https:\/\/www.herajtovna.cz\/","title":{"rendered":"Co je Herajtovna.cz?"},"content":{"rendered":"<p style=\"text-align: justify;\">Bike Caf\u00e9 Herajtovna je v tuto chv\u00edli pouze virtu\u00e1ln\u00ed prostor, kam chceme pozvat lidi, kte\u0159\u00ed maj\u00ed z\u00e1jem o zdrav\u00fd zp\u016fsob \u017eivota. V na\u0161\u00ed kav\u00e1rn\u011b se pod\u00e1v pouze n\u011bkolik pochutin a aktivit, z nep\u0159ebern\u00e9ho mno\u017estv\u00ed dobrot, kter\u00e9 zdrav\u00fd zp\u016fsob \u017eivota nab\u00edz\u00ed.<br \/>\nV t\u00e9to kav\u00e1rn\u011b se chceme zam\u011b\u0159it na pe\u010den\u00ed dom\u00e1c\u00edho, kv\u00e1skov\u00e9ho chleba, v\u00fdrobky bezinkov\u00fdch specialit a tak\u00e9 chceme pozvat v\u0161echny n\u00e1v\u0161t\u011bvn\u00edky na zaj\u00edmav\u00e9 v\u00fdlety do okol\u00ed kav\u00e1rny. A vzhledem k tomu, \u017ee jsme kav\u00e1rna, budeme ke v\u0161emu pod\u00e1vat kvalitn\u00ed k\u00e1vu herajtovku.<br \/>\nPokud se bude n\u00e1v\u0161t\u011bvn\u00edk\u016fm t\u011bchto str\u00e1nek n\u011bco z nab\u00edzen\u00e9ho sortimentu l\u00edbit, velice r\u00e1di se zde pod\u011bl\u00edme o zku\u0161enosti.<br \/>\nJako p\u0159edloha a mo\u017en\u00e1 budouc\u00ed re\u00e1ln\u00fd prostor kav\u00e1rny poslou\u017eila na\u0161e chalupa, ve kter\u00e9 se p\u0159ed sto lety provozovala vesnick\u00e1 hospoda pod veden\u00edm hospodsk\u00e9ho \u2013 pana Herajta. Podle n\u011bj se chalup\u011b od nepam\u011bti \u0159\u00edk\u00e1 Herajtovna.<\/p>\n","protected":false},"excerpt":{"rendered":"<p>Bike Caf\u00e9 Herajtovna je v tuto chv\u00edli pouze virtu\u00e1ln\u00ed prostor, kam chceme pozvat lidi, kte\u0159\u00ed maj\u00ed z\u00e1jem o zdrav\u00fd zp\u016fsob \u017eivota. V na\u0161\u00ed kav\u00e1rn\u011b se pod\u00e1v pouze n\u011bkolik pochutin a aktivit, z nep\u0159ebern\u00e9ho mno\u017estv\u00ed dobrot, kter\u00e9 zdrav\u00fd zp\u016fsob \u017eivota nab\u00edz\u00ed. V t\u00e9to kav\u00e1rn\u011b se chceme zam\u011b\u0159it na pe\u010den\u00ed dom\u00e1c\u00edho, kv\u00e1skov\u00e9ho chleba, v\u00fdrobky bezinkov\u00fdch specialit a &hellip; <a href=\"https:\/\/www.herajtovna.cz\/\" class=\"more-link\">Pokra\u010dov\u00e1n\u00ed textu <span class=\"screen-reader-text\">Co je Herajtovna.cz?<\/span> <span class=\"meta-nav\">&rarr;<\/span><\/a><\/p>\n","protected":false},"author":1,"featured_media":135,"parent":0,"menu_order":0,"comment_status":"open","ping_status":"closed","template":"","meta":{"footnotes":""},"class_list":["post-2","page","type-page","status-publish","has-post-thumbnail","hentry"],"_links":{"self":[{"href":"https:\/\/www.herajtovna.cz\/index.php?rest_route=\/wp\/v2\/pages\/2","targetHints":{"allow":["GET"]}}],"collection":[{"href":"https:\/\/www.herajtovna.cz\/index.php?rest_route=\/wp\/v2\/pages"}],"about":[{"href":"https:\/\/www.herajtovna.cz\/index.php?rest_route=\/wp\/v2\/types\/page"}],"author":[{"embeddable":true,"href":"https:\/\/www.herajtovna.cz\/index.php?rest_route=\/wp\/v2\/users\/1"}],"replies":[{"embeddable":true,"href":"https:\/\/www.herajtovna.cz\/index.php?rest_route=%2Fwp%2Fv2%2Fcomments&post=2"}],"version-history":[{"count":27,"href":"https:\/\/www.herajtovna.cz\/index.php?rest_route=\/wp\/v2\/pages\/2\/revisions"}],"predecessor-version":[{"id":1523,"href":"https:\/\/www.herajtovna.cz\/index.php?rest_route=\/wp\/v2\/pages\/2\/revisions\/1523"}],"wp:featuredmedia":[{"embeddable":true,"href":"https:\/\/www.herajtovna.cz\/index.php?rest_route=\/wp\/v2\/media\/135"}],"wp:attachment":[{"href":"https:\/\/www.herajtovna.cz\/index.php?rest_route=%2Fwp%2Fv2%2Fmedia&parent=2"}],"curies":[{"name":"wp","href":"https:\/\/api.w.org\/{rel}","templated":true}]}}